{"id":1170,"date":"2013-01-10T11:58:26","date_gmt":"2013-01-10T10:58:26","guid":{"rendered":"https:\/\/bergmanobergman.se\/cvresume\/"},"modified":"2022-11-11T08:14:00","modified_gmt":"2022-11-11T07:14:00","slug":"cvresume","status":"publish","type":"page","link":"https:\/\/bergmanobergman.se\/en\/cvresume\/","title":{"rendered":"CVResume"},"content":{"rendered":"<h2>Separate exhibitions<\/h2>\n<p>Art &#038; Form, Stockholm<br \/>\nGalleri Kika, Karlstad<br \/>\nJ\u00e4ger &#038; Jansson, Lund<br \/>\nRiver City Gallery, G\u00f6teborg<br \/>\nGallery Nord, \u00d6rebro<br \/>\nGallery Anders, H\u00f6\u00f6r<br \/>\nGalleri SK, Gothenburg<br \/>\nGalleri Mirage, \u00c4ngelholm<br \/>\nScand Art Gallery, H\u00f6llviken<br \/>\nGalleri Kungsbacka Konstg\u00e5rd, Kungsbacka<br \/>\nGalleri Fenix, Gothenburg<\/p>\n<h2>Joint exhibitions<\/h2>\n<p>Galleri Sj\u00f6h\u00e4sten, Nyk\u00f6ping<br \/>\nRiver City Gallery, G\u00f6teborg<br \/>\nCadogan Contemporary, London, New Year exhibition, 2013<br \/>\nCadogan Contemporary, London, Summer exhibition, 2012<br \/>\nGalleri Kim Anstenssen, Gothenburg<br \/>\nGalleri Scandinavia, Gothenburg<br \/>\nGalleri S\u00e4r\u00f6 Konst &#038; Ram, Kungsbacka<br \/>\nGalleri Olab, Gothenburg<br \/>\nGalleri Bergman, Stockholm<br \/>\nGalleri Svea, Stockholm<br \/>\nGalleri Nord, \u00d6rebro<\/p>\n<h2>Represented<\/h2>\n<p>Galleri Art &#038; Form, Stockholm<br \/>\nAstra Zeneca, M\u00f6lndal<br \/>\nEka Chemicals, Bohus<br \/>\nKungsbacka Kommun<br \/>\nPapyrus AB, M\u00f6lndal<br \/>\nSanta Maria Spices, M\u00f6lndal<br \/>\nTrollh\u00e4ttans Kommun<br \/>\nDanskeBank<br \/>\nUniversity of Ume\u00e5<br \/>\nSAS<\/p>\n<h2>Art fairs<\/h2>\n<p>Affordable Art Fair, Stockholm, 2013<br \/>\nArt Nordic 2007, Kungsbacka (jury-judged art exhibition)<br \/>\nKungsbacka Konst- &#038; Antikm\u00e4ssa<br \/>\nArt Nordic 2008, Gothenburg (jury-judged art exhibition)<br \/>\nOpen Art Fair 2008, Utrecht, Holland (jury-judged art exhibition)<br \/>\nOslo Art Fair 2008 (jury-judged art exhibition)<\/p>\n","protected":false},"excerpt":{"rendered":"<p>Separate exhibitions Art &#038; Form, Stockholm Galleri Kika, Karlstad J\u00e4ger &#038; Jansson, Lund River City Gallery, G\u00f6teborg Gallery Nord, \u00d6rebro<\/p>\n<p><a href=\"https:\/\/bergmanobergman.se\/en\/cvresume\/\" class=\"more-link\">Continue reading<span class=\"screen-reader-text\">CVResume<\/span><\/a><\/p>\n","protected":false},"author":1,"featured_media":0,"parent":0,"menu_order":3,"comment_status":"closed","ping_status":"open","template":"","meta":{"_acf_changed":false,"footnotes":""},"class_list":["post-1170","page","type-page","status-publish","hentry"],"acf":[],"yoast_head":"<!-- This site is optimized with the Yoast SEO plugin v26.3 - https:\/\/yoast.com\/wordpress\/plugins\/seo\/ -->\n<title>CVResume - Hans O Bergman<\/title>\n<meta name=\"robots\" content=\"index, follow, max-snippet:-1, max-image-preview:large, max-video-preview:-1\" \/>\n<link rel=\"canonical\" href=\"https:\/\/bergmanobergman.se\/en\/cvresume\/\" \/>\n<meta property=\"og:locale\" content=\"en_US\" \/>\n<meta property=\"og:type\" content=\"article\" \/>\n<meta property=\"og:title\" content=\"CVResume - Hans O Bergman\" \/>\n<meta property=\"og:description\" content=\"Separate exhibitions Art &#038; Form, Stockholm Galleri Kika, Karlstad J\u00e4ger &#038; Jansson, Lund River City Gallery, G\u00f6teborg Gallery Nord, \u00d6rebroContinue readingCVResume\" \/>\n<meta property=\"og:url\" content=\"https:\/\/bergmanobergman.se\/en\/cvresume\/\" \/>\n<meta property=\"og:site_name\" content=\"Hans O Bergman\" \/>\n<meta property=\"article:modified_time\" content=\"2022-11-11T07:14:00+00:00\" \/>\n<meta name=\"twitter:card\" content=\"summary_large_image\" \/>\n<meta name=\"twitter:label1\" content=\"Est. reading time\" \/>\n\t<meta name=\"twitter:data1\" content=\"1 minute\" \/>\n<script type=\"application\/ld+json\" class=\"yoast-schema-graph\">{\"@context\":\"https:\/\/schema.org\",\"@graph\":[{\"@type\":\"WebPage\",\"@id\":\"https:\/\/bergmanobergman.se\/en\/cvresume\/\",\"url\":\"https:\/\/bergmanobergman.se\/en\/cvresume\/\",\"name\":\"CVResume - Hans O Bergman\",\"isPartOf\":{\"@id\":\"https:\/\/bergmanobergman.se\/en\/#website\"},\"datePublished\":\"2013-01-10T10:58:26+00:00\",\"dateModified\":\"2022-11-11T07:14:00+00:00\",\"breadcrumb\":{\"@id\":\"https:\/\/bergmanobergman.se\/en\/cvresume\/#breadcrumb\"},\"inLanguage\":\"en-US\",\"potentialAction\":[{\"@type\":\"ReadAction\",\"target\":[\"https:\/\/bergmanobergman.se\/en\/cvresume\/\"]}]},{\"@type\":\"BreadcrumbList\",\"@id\":\"https:\/\/bergmanobergman.se\/en\/cvresume\/#breadcrumb\",\"itemListElement\":[{\"@type\":\"ListItem\",\"position\":1,\"name\":\"Hem\",\"item\":\"https:\/\/bergmanobergman.se\/en\/\"},{\"@type\":\"ListItem\",\"position\":2,\"name\":\"CVResume\"}]},{\"@type\":\"WebSite\",\"@id\":\"https:\/\/bergmanobergman.se\/en\/#website\",\"url\":\"https:\/\/bergmanobergman.se\/en\/\",\"name\":\"Hans O Bergman\",\"description\":\"\",\"publisher\":{\"@id\":\"https:\/\/bergmanobergman.se\/en\/#\/schema\/person\/12e73891e298d7f057e8a7765623dcdd\"},\"potentialAction\":[{\"@type\":\"SearchAction\",\"target\":{\"@type\":\"EntryPoint\",\"urlTemplate\":\"https:\/\/bergmanobergman.se\/en\/?s={search_term_string}\"},\"query-input\":{\"@type\":\"PropertyValueSpecification\",\"valueRequired\":true,\"valueName\":\"search_term_string\"}}],\"inLanguage\":\"en-US\"},{\"@type\":[\"Person\",\"Organization\"],\"@id\":\"https:\/\/bergmanobergman.se\/en\/#\/schema\/person\/12e73891e298d7f057e8a7765623dcdd\",\"name\":\"Hans\",\"image\":{\"@type\":\"ImageObject\",\"inLanguage\":\"en-US\",\"@id\":\"https:\/\/bergmanobergman.se\/en\/#\/schema\/person\/image\/\",\"url\":\"https:\/\/bergmanobergman.se\/wp-content\/litespeed\/avatar\/17961b05b7e4c49a55b7e183eceff7c6.jpg?ver=1776362806\",\"contentUrl\":\"https:\/\/bergmanobergman.se\/wp-content\/litespeed\/avatar\/17961b05b7e4c49a55b7e183eceff7c6.jpg?ver=1776362806\",\"caption\":\"Hans\"},\"logo\":{\"@id\":\"https:\/\/bergmanobergman.se\/en\/#\/schema\/person\/image\/\"},\"sameAs\":[\"https:\/\/bergmanobergman.se\"]}]}<\/script>\n<!-- \/ Yoast SEO plugin. -->","yoast_head_json":{"title":"CVResume - Hans O Bergman","robots":{"index":"index","follow":"follow","max-snippet":"max-snippet:-1","max-image-preview":"max-image-preview:large","max-video-preview":"max-video-preview:-1"},"canonical":"https:\/\/bergmanobergman.se\/en\/cvresume\/","og_locale":"en_US","og_type":"article","og_title":"CVResume - Hans O Bergman","og_description":"Separate exhibitions Art &#038; Form, Stockholm Galleri Kika, Karlstad J\u00e4ger &#038; Jansson, Lund River City Gallery, G\u00f6teborg Gallery Nord, \u00d6rebroContinue readingCVResume","og_url":"https:\/\/bergmanobergman.se\/en\/cvresume\/","og_site_name":"Hans O Bergman","article_modified_time":"2022-11-11T07:14:00+00:00","twitter_card":"summary_large_image","twitter_misc":{"Est. reading time":"1 minute"},"schema":{"@context":"https:\/\/schema.org","@graph":[{"@type":"WebPage","@id":"https:\/\/bergmanobergman.se\/en\/cvresume\/","url":"https:\/\/bergmanobergman.se\/en\/cvresume\/","name":"CVResume - Hans O Bergman","isPartOf":{"@id":"https:\/\/bergmanobergman.se\/en\/#website"},"datePublished":"2013-01-10T10:58:26+00:00","dateModified":"2022-11-11T07:14:00+00:00","breadcrumb":{"@id":"https:\/\/bergmanobergman.se\/en\/cvresume\/#breadcrumb"},"inLanguage":"en-US","potentialAction":[{"@type":"ReadAction","target":["https:\/\/bergmanobergman.se\/en\/cvresume\/"]}]},{"@type":"BreadcrumbList","@id":"https:\/\/bergmanobergman.se\/en\/cvresume\/#breadcrumb","itemListElement":[{"@type":"ListItem","position":1,"name":"Hem","item":"https:\/\/bergmanobergman.se\/en\/"},{"@type":"ListItem","position":2,"name":"CVResume"}]},{"@type":"WebSite","@id":"https:\/\/bergmanobergman.se\/en\/#website","url":"https:\/\/bergmanobergman.se\/en\/","name":"Hans O Bergman","description":"","publisher":{"@id":"https:\/\/bergmanobergman.se\/en\/#\/schema\/person\/12e73891e298d7f057e8a7765623dcdd"},"potentialAction":[{"@type":"SearchAction","target":{"@type":"EntryPoint","urlTemplate":"https:\/\/bergmanobergman.se\/en\/?s={search_term_string}"},"query-input":{"@type":"PropertyValueSpecification","valueRequired":true,"valueName":"search_term_string"}}],"inLanguage":"en-US"},{"@type":["Person","Organization"],"@id":"https:\/\/bergmanobergman.se\/en\/#\/schema\/person\/12e73891e298d7f057e8a7765623dcdd","name":"Hans","image":{"@type":"ImageObject","inLanguage":"en-US","@id":"https:\/\/bergmanobergman.se\/en\/#\/schema\/person\/image\/","url":"https:\/\/bergmanobergman.se\/wp-content\/litespeed\/avatar\/17961b05b7e4c49a55b7e183eceff7c6.jpg?ver=1776362806","contentUrl":"https:\/\/bergmanobergman.se\/wp-content\/litespeed\/avatar\/17961b05b7e4c49a55b7e183eceff7c6.jpg?ver=1776362806","caption":"Hans"},"logo":{"@id":"https:\/\/bergmanobergman.se\/en\/#\/schema\/person\/image\/"},"sameAs":["https:\/\/bergmanobergman.se"]}]}},"_links":{"self":[{"href":"https:\/\/bergmanobergman.se\/en\/wp-json\/wp\/v2\/pages\/1170","targetHints":{"allow":["GET"]}}],"collection":[{"href":"https:\/\/bergmanobergman.se\/en\/wp-json\/wp\/v2\/pages"}],"about":[{"href":"https:\/\/bergmanobergman.se\/en\/wp-json\/wp\/v2\/types\/page"}],"author":[{"embeddable":true,"href":"https:\/\/bergmanobergman.se\/en\/wp-json\/wp\/v2\/users\/1"}],"replies":[{"embeddable":true,"href":"https:\/\/bergmanobergman.se\/en\/wp-json\/wp\/v2\/comments?post=1170"}],"version-history":[{"count":1,"href":"https:\/\/bergmanobergman.se\/en\/wp-json\/wp\/v2\/pages\/1170\/revisions"}],"predecessor-version":[{"id":1407,"href":"https:\/\/bergmanobergman.se\/en\/wp-json\/wp\/v2\/pages\/1170\/revisions\/1407"}],"wp:attachment":[{"href":"https:\/\/bergmanobergman.se\/en\/wp-json\/wp\/v2\/media?parent=1170"}],"curies":[{"name":"wp","href":"https:\/\/api.w.org\/{rel}","templated":true}]}}